{"id":120,"date":"2016-05-20T12:28:46","date_gmt":"2016-05-20T10:28:46","guid":{"rendered":"http:\/\/wp.tu.kielce.pl\/?page_id=120"},"modified":"2025-07-28T14:00:54","modified_gmt":"2025-07-28T12:00:54","slug":"dystrykt","status":"publish","type":"page","link":"http:\/\/rotary.kielce.pl\/?page_id=120","title":{"rendered":"Dystrykt 2231"},"content":{"rendered":"<p>\u00a0<\/p>\n<table border=\"0\">\n<tbody>\n<tr>\n<td width=\"60%\"><a href=\"https:\/\/rotary.org.pl\/\"><br \/><strong>Dystrykt 2231<\/strong> <\/a><br \/><strong> Od 1.07.2016 Polska tworzy Dystrykt 2231. Dystrykt obejmuje 80 klub\u00f3w Rotary, w kt\u00f3rych jest zrzeszonych 1800 rotarian (stan na dzie\u0144 01.07.2016).<\/strong><br \/><strong> Historia powstania Dystryktu 2231<\/strong>\n<p>\u00a0<\/p>\n<h3><strong><span style=\"color: #0000ff;\"> Dystrykt 2231<\/span><\/strong><\/h3>\n<p>\u00a0<\/p>\n<p style=\"text-align: left;\"><strong>Inauguracja Dystryktu 2230 odby\u0142a si\u0119 w Warszawie w roku 1997 z udzia\u0142em Prezydenta Elekta Rotary International Jamesa Lacy\u2019ego. By\u0142 to pierwszy po drugiej wojnie \u015bwiatowej rotaria\u0144ski dystrykt w krajach Europy Wschodniej. Obejmowa\u0142 47 polskich klub\u00f3w, a jego pierwszym gubernatorem zosta\u0142 Bohdan Kurowski z RC Olsztyn. Wcze\u015bniej polskie kluby Rotary nale\u017ca\u0142y do dystryktu szwedzkiego o numerze 2390 i nadzorowane by\u0142y przez Gunnara Fjellandera \u2013 specjalnego przedstawiciela prezydenta RI.<\/strong><\/p>\n<p style=\"text-align: left;\"><strong>W 1999 r., podczas uroczysto\u015bci 10-rocznicy powrotu Rotary na W\u0119gry z udzia\u0142em Prezydenta RI Carlo Ravizzy, zosta\u0142a podj\u0119ta decyzja o przy\u0142\u0105czeniu klub\u00f3w Ukrainy i Bia\u0142orusi do Dystryktu 2230. Porozumienie w tej sprawie podpisali Bohdan Kurowski oraz Miroslav Gavryliv.<\/strong><\/p>\n<p style=\"text-align: left;\"><strong>Pierwszym gubernatorem powi\u0119kszonego dystryktu zosta\u0142 Ryszard Kaszuba-Krzepicki z RC Gda\u0144sk-Sopot-Gdynia, a pierwszym gubernatorem ze strony ukrai\u0144skiej \u2013 Pavlo Kashkadamov.<\/strong><\/p>\n<p style=\"text-align: left;\"><strong>W miar\u0119 up\u0142ywu lat ros\u0142a liczba klub\u00f3w oraz rotarian i dystrykt stawa\u0142 si\u0119 zbyt du\u017cy, w szczeg\u00f3lno\u015bci dla gubernator\u00f3w, kt\u00f3rzy zgodnie z przepisami Rotary powinni odwiedzi\u0107 ka\u017cdy klub, przynajmniej raz w roku. Wielki Dystrykt 2230 obejmowa\u0142 terytorium ponad 1,1 mln km2, a odleg\u0142o\u015bci pomi\u0119dzy najdalej po\u0142o\u017conymi klubami przekracza\u0142y 2 tys. kilometr\u00f3w. St\u0105d pr\u00f3by podzia\u0142u dystryktu, podj\u0119te jeszcze w 2008 r., zako\u0144czy\u0142y si\u0119 pomy\u015blnie dopiero w 2013 roku decyzj\u0105 Rady Dyrektor\u00f3w Rotary International.<\/strong><\/p>\n<p style=\"text-align: left;\"><strong>Ostatnim Gubernatorem Dystryktu, a jednocze\u015bnie pierwsz\u0105 kobiet\u0105 pe\u0142ni\u0105c\u0105 t\u0119 funkcj\u0119, by\u0142a Barbara Pawlisz z RC Sopot International, kt\u00f3ra zamkn\u0119\u0142a jego dzia\u0142alno\u015b\u0107 w czerwcu 2016 r. W momencie podzia\u0142u Dystrykt liczy\u0142 ju\u017c 130 klub\u00f3w, z czego 80 w Polsce.<\/strong><\/p>\n<p style=\"text-align: left;\"><strong>Zgodnie z przepisami Rotary International, w wyniku podzia\u0142u nowe dystrykty otrzyma\u0142y numery: 2231 \u2013 Polska oraz 2232 \u2013 Bia\u0142oru\u015b wraz z Ukrain\u0105.<\/strong><\/p>\n<p style=\"text-align: left;\"><strong>Pierwszym gubernatorem polskiego Dystryktu 2231 zosta\u0142 wybrany Krzysztof Kopyci\u0144ski z RC Bydgoszcz, a Dystryktu 2232 \u2013 Gienadij Kroichyk z RC Lviv.<\/strong><\/p>\n<h3>Na kadencj\u0119 2025\/2026 zosta\u0142 wybrany<\/h3>\n<h2 class=\"entry-title\"><a href=\"https:\/\/rotary.org.pl\/rotarianie\/greg-grzegorczyk\/\">Greg Gregorczyk<\/a><\/h2>\n<h3>\u00a0<\/h3>\n<h3>z <a href=\"https:\/\/rotary.org.pl\/kluby\/rc-warszawa-city\/\" rel=\"bookmark\">RC Warszawa City<\/a><\/h3>\n<\/td>\n<\/tr>\n<tr>\n<td>\u00a0<\/td>\n<\/tr>\n<tr>\n<td>\u00a0<\/td>\n<\/tr>\n<\/tbody>\n<\/table>\n\n<div class=\"wp-block-image\">\n<figure class=\"aligncenter is-resized\"><img decoding=\"async\" loading=\"lazy\" src=\"http:\/\/rotary.kielce.pl\/wp-content\/uploads\/2025\/07\/gregs-photo-2018-450x600-1.jpg\" alt=\"\" class=\"wp-image-2393\" width=\"206\" height=\"275\" srcset=\"http:\/\/rotary.kielce.pl\/wp-content\/uploads\/2025\/07\/gregs-photo-2018-450x600-1.jpg 450w, http:\/\/rotary.kielce.pl\/wp-content\/uploads\/2025\/07\/gregs-photo-2018-450x600-1-225x300.jpg 225w\" sizes=\"(max-width: 206px) 100vw, 206px\" \/><\/figure><\/div>","protected":false},"excerpt":{"rendered":"<p>\u00a0 Dystrykt 2231 Od 1.07.2016 Polska tworzy Dystrykt 2231. Dystrykt obejmuje 80 klub\u00f3w Rotary, w kt\u00f3rych jest zrzeszonych 1800 rotarian (stan na dzie\u0144 01.07.2016). Historia powstania Dystryktu 2231 \u00a0 Dystrykt 2231 \u00a0 Inauguracja Dystryktu&#46;&#46;&#46;<\/p>\n","protected":false},"author":1,"featured_media":0,"parent":0,"menu_order":0,"comment_status":"closed","ping_status":"closed","template":"","meta":[],"_links":{"self":[{"href":"http:\/\/rotary.kielce.pl\/index.php?rest_route=\/wp\/v2\/pages\/120"}],"collection":[{"href":"http:\/\/rotary.kielce.pl\/index.php?rest_route=\/wp\/v2\/pages"}],"about":[{"href":"http:\/\/rotary.kielce.pl\/index.php?rest_route=\/wp\/v2\/types\/page"}],"author":[{"embeddable":true,"href":"http:\/\/rotary.kielce.pl\/index.php?rest_route=\/wp\/v2\/users\/1"}],"replies":[{"embeddable":true,"href":"http:\/\/rotary.kielce.pl\/index.php?rest_route=%2Fwp%2Fv2%2Fcomments&post=120"}],"version-history":[{"count":30,"href":"http:\/\/rotary.kielce.pl\/index.php?rest_route=\/wp\/v2\/pages\/120\/revisions"}],"predecessor-version":[{"id":2399,"href":"http:\/\/rotary.kielce.pl\/index.php?rest_route=\/wp\/v2\/pages\/120\/revisions\/2399"}],"wp:attachment":[{"href":"http:\/\/rotary.kielce.pl\/index.php?rest_route=%2Fwp%2Fv2%2Fmedia&parent=120"}],"curies":[{"name":"wp","href":"https:\/\/api.w.org\/{rel}","templated":true}]}}