{"id":46,"date":"2014-01-22T11:12:37","date_gmt":"2014-01-22T10:12:37","guid":{"rendered":"http:\/\/wp.tu.kielce.pl\/?page_id=46"},"modified":"2022-07-08T20:06:41","modified_gmt":"2022-07-08T18:06:41","slug":"home","status":"publish","type":"page","link":"http:\/\/rotary.kielce.pl\/","title":{"rendered":"Klub Rotary Kielce"},"content":{"rendered":"<div class=\"divstr1\">\n<p><a href=\"http:\/\/rotary.kielce.pl\/wp-content\/uploads\/2014\/01\/Grand-Hotel-Kielce.jpg\"><img decoding=\"async\" loading=\"lazy\" class=\"alignnone size-full wp-image-1766\" alt=\"Grand Hotel\" src=\"http:\/\/rotary.kielce.pl\/wp-content\/uploads\/2014\/01\/Grand-Hotel-Kielce.jpg\" width=\"500\" height=\"auto\" srcset=\"http:\/\/rotary.kielce.pl\/wp-content\/uploads\/2014\/01\/Grand-Hotel-Kielce.jpg 812w, http:\/\/rotary.kielce.pl\/wp-content\/uploads\/2014\/01\/Grand-Hotel-Kielce-300x185.jpg 300w\" sizes=\"(max-width: 812px) 100vw, 812px\" \/><\/a><\/p>\n<p class=\"pdivstr1\"><strong>COTYGODNIOWE SPOTKANIA<\/strong><br \/>\nMiejsce spotka\u0144:<br \/>\nGRAND HOTEL Kielce<br \/>\nSienkiewicza 78, 25-501 Kielce<br \/>\nKa\u017cdy poniedzia\u0142ek godz.: 19:00<\/p>\n<hr \/>\n<\/div>\n<p class=\"pstr1\"><strong>ROTARY KLUB KIELCE &#8211; POCZ\u0104TKI <\/strong><\/p>\n<p class=\"pstr1\">W 1994 roku zawi\u0105za\u0142a si\u0119 grupa inicjatywna ,w sk\u0142ad kt\u00f3rej wesz\u0142y wiod\u0105ce osobowo\u015bci r\u00f3\u017cnych profesji. Mi\u0119dzy innymi: przedsi\u0119biorcy, prawnicy, lekarze, naukowcy\u2026 W m\u0119skim gronie (kluby zrzesza\u0142 w\u00f3wczas samych m\u0119\u017cczyzn) zapad\u0142y decyzje o stworzeniu w Kielcach klubu Rotary.<br \/>\nOd pocz\u0105tku spotkania odbywa\u0142y si\u0119 w budynku kieleckiego Exbudu .<br \/>\n29 maja 1995 roku dosz\u0142o do charteru klubu.<br \/>\nW sk\u0142ad klubu weszli panowie:<\/p>\n<blockquote><p>Stanis\u0142aw Adamczak, Wojciech Adamski, Wojciech Arczy\u0144ski<br \/>\nMicha\u0142 Cha\u0142o\u0144ski ,Marek Eberchardt, Stanis\u0142aw G\u00f3\u017ad\u017a<br \/>\nBohdan Gumowski, Marek J\u0119drzejczak,Czes\u0142aw Kisza,<br \/>\nJaros\u0142aw Kossowski, Adam Massalski, Miros\u0142aw \u0141akomiec<br \/>\nAlojzy Oborny, J\u00f3zef P\u0142oskonka, Andrzej Piasecki<br \/>\nHenryk Rzepa, Grzegorz Sosnowski, Tomasz Szreder<br \/>\nAndrzej Tekiel, Adam Zygu\u0142a<\/p><\/blockquote>\n<p><strong> Prezydentem charterowym by\u0142 J\u00f3zef P\u0142oskonka. <\/strong><\/p>\n<p><strong><a title=\"Wybitni Rotarianie na \u015bwiecie\" href=\"http:\/\/rotary.kielce.pl\/?p=1114\" target=\"_blank\"> Wybitni Rotarianie na \u015bwiecie <\/a><\/strong><\/p>\n<p>&nbsp;<\/p>\n<p class=\"pstr1\"><strong> ROTARY KLUB KIELCE -DZIA\u0141ALNO\u015a\u0106 CHARYTATYWNA <\/strong><br \/>\nOd pocz\u0105tku istnienia Rotary Klub Kielce aktywnie w\u0142\u0105czy\u0142 si\u0119 w dzia\u0142ania, kt\u00f3rych celem jest niesienie pomocy potrzebuj\u0105cym. Realizuje projekty lokalne, krajowe ale tak\u017ce przekraczaj\u0105ce granice Polski. Formy pomocy i jej adresaci zmieniaj\u0105 si\u0119 w zale\u017cno\u015bci od aktualnych potrzeb oraz mo\u017cliwo\u015bci.<br \/>\nJu\u017c 20 lat temu cz\u0142onkowie kieleckiego klubu dostrzegli w regionie potrzeb\u0119 wspierania uzdolnionej m\u0142odzie\u017cy, kt\u00f3ra ze wzgl\u0119d\u00f3w materialnych nie mo\u017ce rozwija\u0107 swoich talent\u00f3w. Stypendia fundowane przez rotarian z Kielc wspomog\u0142y nie jeden talent. By\u0142y te\u017c mi\u0119dzy innymi: komputery dla uczni\u00f3w ze Staszowa, pomoc dla powodzian , kabina przystosowuj\u0105ca do normalnego \u017cycia osoby niewidz\u0105ce i niedowidz\u0105ce, wyposa\u017cenie kuchni dla podopiecznych KTA czy dofinansowanie pobytu wakacyjnego dzieci ze wschodu.<br \/>\n<strong>Wspieranie likwidacji Polio na \u015bwiecie<\/strong>, to jeden z najwa\u017cniejszych \u015bwiatowych projekt\u00f3w, w kt\u00f3rych kielecki klub bierze aktywny udzia\u0142.<br \/>\nIstotne miejsce w dzia\u0142alno\u015bci klubu zajmuje r\u00f3wnie\u017c mi\u0119dzynarodowa wymiana m\u0142odzie\u017cowa.<\/p>\n","protected":false},"excerpt":{"rendered":"<p>COTYGODNIOWE SPOTKANIA Miejsce spotka\u0144: GRAND HOTEL Kielce Sienkiewicza 78, 25-501 Kielce Ka\u017cdy poniedzia\u0142ek godz.: 19:00 ROTARY KLUB KIELCE &#8211; POCZ\u0104TKI W 1994 roku zawi\u0105za\u0142a si\u0119 grupa inicjatywna ,w sk\u0142ad kt\u00f3rej wesz\u0142y wiod\u0105ce osobowo\u015bci r\u00f3\u017cnych&#46;&#46;&#46;<\/p>\n","protected":false},"author":1,"featured_media":0,"parent":0,"menu_order":0,"comment_status":"open","ping_status":"open","template":"","meta":[],"_links":{"self":[{"href":"http:\/\/rotary.kielce.pl\/index.php?rest_route=\/wp\/v2\/pages\/46"}],"collection":[{"href":"http:\/\/rotary.kielce.pl\/index.php?rest_route=\/wp\/v2\/pages"}],"about":[{"href":"http:\/\/rotary.kielce.pl\/index.php?rest_route=\/wp\/v2\/types\/page"}],"author":[{"embeddable":true,"href":"http:\/\/rotary.kielce.pl\/index.php?rest_route=\/wp\/v2\/users\/1"}],"replies":[{"embeddable":true,"href":"http:\/\/rotary.kielce.pl\/index.php?rest_route=%2Fwp%2Fv2%2Fcomments&post=46"}],"version-history":[{"count":62,"href":"http:\/\/rotary.kielce.pl\/index.php?rest_route=\/wp\/v2\/pages\/46\/revisions"}],"predecessor-version":[{"id":1767,"href":"http:\/\/rotary.kielce.pl\/index.php?rest_route=\/wp\/v2\/pages\/46\/revisions\/1767"}],"wp:attachment":[{"href":"http:\/\/rotary.kielce.pl\/index.php?rest_route=%2Fwp%2Fv2%2Fmedia&parent=46"}],"curies":[{"name":"wp","href":"https:\/\/api.w.org\/{rel}","templated":true}]}}