{"id":85,"date":"2018-08-12T12:07:01","date_gmt":"2018-08-12T10:07:01","guid":{"rendered":"http:\/\/wp.tu.kielce.pl\/?page_id=85"},"modified":"2025-07-28T16:08:21","modified_gmt":"2025-07-28T14:08:21","slug":"o-rotary","status":"publish","type":"page","link":"http:\/\/rotary.kielce.pl\/?page_id=85","title":{"rendered":"O Rotary"},"content":{"rendered":"<p><a href=\"http:\/\/rotary.kielce.pl\/wp-content\/uploads\/2014\/01\/paulharris.jpg\"><img decoding=\"async\" loading=\"lazy\" class=\"size-medium wp-image-166 alignright\" src=\"http:\/\/rotary.kielce.pl\/wp-content\/uploads\/2014\/01\/paulharris-195x300.jpg\" alt=\"paulharris\" width=\"195\" height=\"300\" srcset=\"http:\/\/rotary.kielce.pl\/wp-content\/uploads\/2014\/01\/paulharris-195x300.jpg 195w, http:\/\/rotary.kielce.pl\/wp-content\/uploads\/2014\/01\/paulharris.jpg 417w\" sizes=\"(max-width: 195px) 100vw, 195px\" \/><\/a><a href=\"https:\/\/www.rotary.org\/\">Rotary <\/a>jest organizacj\u0105 zrzeszaj\u0105c\u0105 ludzi ze \u015bwiata biznesu i profesjonalist\u00f3w przer\u00f3\u017cnych zawod\u00f3w zjednoczonych na ca\u0142ym \u015bwiecie w celu realizowania cel\u00f3w humanitarnych, promowania wysokich standard\u00f3w etycznych i propagowania pokoju na&nbsp;\u015awiecie. Obecnie w 160 krajach jest ju\u017c 1,2 mil. Rotarian zrzeszonych w ponad 30 tys. Klub\u00f3w.Kluby Rotary spotykaj\u0105 si\u0119 raz w tygodniu i nie zajmuj\u0105 si\u0119 polityk\u0105, religi\u0105, s\u0105 otwarte na wszystkie rasy, przekonania i kultury. Celem Dzia\u0142alno\u015bci Klub\u00f3w Rotary jest wspieranie i umacnianie idea\u0142u s\u0142u\u017cby, jako podstawy godnych i warto\u015bciowych przedsi\u0119wzi\u0119\u0107, a w szczeg\u00f3lno\u015bci wspieranie i umacnianie:<\/p>\n<ul>\n<li>Rozwoju bezpo\u015brednich kontakt\u00f3w mi\u0119dzyludzkich jako niesienia pomocy;<\/li>\n<li>Wysokich standard\u00f3w etycznych w dzia\u0142alno\u015bci zawodowej i w ramach zawod\u00f3w; uznania wszelkiej pracy u\u017cytecznej oraz nobilitowania zawodu wykonywanego<\/li>\n<li>Stosowania idea\u0142u s\u0142u\u017cby przez ka\u017cdego Rotarianina w \u017cyciu osobistym, zawodowym i spo\u0142ecznym;<\/li>\n<li>Propagowanie zrozumienia mi\u0119dzynarodowego, dobrej woli i pokoju poprzez \u015bwiatow\u0105 wsp\u00f3lnot\u0119&nbsp;os\u00f3b o r\u00f3\u017cnych zawodach, po\u0142\u0105czonych idea\u0142em s\u0142u\u017cby.<\/li>\n<\/ul>\n<p>Czteropunktowy test stanowi u\u017cyteczny sprawdzian w stosunku do wszelkich stosunk\u00f3w mi\u0119dzyludzkich i jest szczeg\u00f3lnie przydatny w codziennej praktyce sprawowania przez Rotarianina swojego zawodu.<\/p>\n<p><strong>Zawiera on cztery pytania:<\/strong><\/p>\n<ol>\n<li>\n<h3>Czy jest to prawd\u0105 ?<\/h3>\n<\/li>\n<li>\n<h3>Czy jest to uczciwe w stosunku do wszystkich zainteresowanych ?<\/h3>\n<\/li>\n<li>\n<h3>Czy zbuduje to dobr\u0105 wol\u0119 i przyja\u017a\u0144 ?<\/h3>\n<\/li>\n<li>\n<h3>Czy b\u0119dzie to korzystne dla wszystkich zainteresowanych ?<\/h3>\n<\/li>\n<\/ol>\n<p><span style=\"color: #0000ff;\"><a title=\"Wybitni Rotarianie na \u015bwiecie\" href=\"http:\/\/rotary.kielce.pl\/?p=1114\" target=\"Nowa_zak\" rel=\"noopener\"><span style=\"color: #0000ff;\"> <strong>Wybitni Rotarianie na \u015bwiecie<\/strong> <\/span><\/a><\/span><\/p>\n<p>Aktualnie&nbsp;Rotary International Prezydent&nbsp; jest&nbsp;&nbsp;<strong>Stephanie A. Urchick &#8211; Prezydent 2024\/25<\/strong><\/p>\n<h3>Rotary Club of McMurray<br>Pennsylvania, USA<\/h3>\n<h3>Has\u0142o kadencji:<\/h3>\n<h2><\/h2>\n\n\n<\/h2>\n<figure class=\"wp-block-image\"><img decoding=\"async\" loading=\"lazy\" class=\"wp-image-2409\" src=\"http:\/\/rotary.kielce.pl\/wp-content\/uploads\/2025\/07\/pl-logo-tematyczne-2025-2026-format-png-rgb-1.png\" alt=\"\" width=\"278\" height=\"75\" srcset=\"http:\/\/rotary.kielce.pl\/wp-content\/uploads\/2025\/07\/pl-logo-tematyczne-2025-2026-format-png-rgb-1.png 453w, http:\/\/rotary.kielce.pl\/wp-content\/uploads\/2025\/07\/pl-logo-tematyczne-2025-2026-format-png-rgb-1-300x81.png 300w\" sizes=\"(max-width: 278px) 100vw, 278px\" \/><\/figure>\n<h2>\n\n\n\n<p style=\"text-align: left;\">Prezydent 2025\/26<\/p>\n<h3>Francesco Arezzo<\/h3>\n<h4>Rotary Club of Ragusa<\/h4>\n<h5>ITALY<\/h5>\n<p><\/p>\n\n\n><img decoding=\"async\" loading=\"lazy\" src=\"http:\/\/rotary.kielce.pl\/wp-content\/uploads\/2025\/07\/Francesco-Arezzo-20250620_CA_5001_edit-534x400-1.jpg\" alt=\"\" class=\"wp-image-2401\" width=\"280\" height=\"374\" srcset=\"http:\/\/rotary.kielce.pl\/wp-content\/uploads\/2025\/07\/Francesco-Arezzo-20250620_CA_5001_edit-534x400-1.jpg 400w, http:\/\/rotary.kielce.pl\/wp-content\/uploads\/2025\/07\/Francesco-Arezzo-20250620_CA_5001_edit-534x400-1-225x300.jpg 225w\" sizes=\"(max-width: 280px) 100vw, 280px\" \/>\n","protected":false},"excerpt":{"rendered":"<p>Rotary jest organizacj\u0105 zrzeszaj\u0105c\u0105 ludzi ze \u015bwiata biznesu i profesjonalist\u00f3w przer\u00f3\u017cnych zawod\u00f3w zjednoczonych na ca\u0142ym \u015bwiecie w celu realizowania cel\u00f3w humanitarnych, promowania wysokich standard\u00f3w etycznych i propagowania pokoju na&nbsp;\u015awiecie. Obecnie w 160 krajach jest&#46;&#46;&#46;<\/p>\n","protected":false},"author":1,"featured_media":0,"parent":0,"menu_order":0,"comment_status":"closed","ping_status":"closed","template":"","meta":[],"_links":{"self":[{"href":"http:\/\/rotary.kielce.pl\/index.php?rest_route=\/wp\/v2\/pages\/85"}],"collection":[{"href":"http:\/\/rotary.kielce.pl\/index.php?rest_route=\/wp\/v2\/pages"}],"about":[{"href":"http:\/\/rotary.kielce.pl\/index.php?rest_route=\/wp\/v2\/types\/page"}],"author":[{"embeddable":true,"href":"http:\/\/rotary.kielce.pl\/index.php?rest_route=\/wp\/v2\/users\/1"}],"replies":[{"embeddable":true,"href":"http:\/\/rotary.kielce.pl\/index.php?rest_route=%2Fwp%2Fv2%2Fcomments&post=85"}],"version-history":[{"count":33,"href":"http:\/\/rotary.kielce.pl\/index.php?rest_route=\/wp\/v2\/pages\/85\/revisions"}],"predecessor-version":[{"id":2412,"href":"http:\/\/rotary.kielce.pl\/index.php?rest_route=\/wp\/v2\/pages\/85\/revisions\/2412"}],"wp:attachment":[{"href":"http:\/\/rotary.kielce.pl\/index.php?rest_route=%2Fwp%2Fv2%2Fmedia&parent=85"}],"curies":[{"name":"wp","href":"https:\/\/api.w.org\/{rel}","templated":true}]}}